{"id":3554,"date":"2016-02-09T01:59:24","date_gmt":"2016-02-09T00:59:24","guid":{"rendered":"https:\/\/tema-backup.local\/selection-dun-systeme-de-gestion-ou-erp\/?lang=en"},"modified":"2019-02-21T19:49:45","modified_gmt":"2019-02-21T18:49:45","slug":"selecting-a-management-system","status":"publish","type":"page","link":"https:\/\/dev1.cgras.ca\/en\/selecting-a-management-system\/","title":{"rendered":"Selecting a management system"},"content":{"rendered":"<p>[et_pb_section bb_built=&#8221;1&#8243; admin_label=&#8221;section&#8221; fullwidth=&#8221;on&#8221; _builder_version=&#8221;3.0.47&#8243; next_background_color=&#8221;#000000&#8243;][et_pb_fullwidth_slider show_inner_shadow=&#8221;off&#8221; show_content_on_mobile=&#8221;off&#8221; show_cta_on_mobile=&#8221;off&#8221; _builder_version=&#8221;3.0.83&#8243; parallax=&#8221;on&#8221; custom_padding=&#8221;|||&#8221; custom_padding_tablet=&#8221;|||&#8221; custom_padding_phone=&#8221;|||&#8221; remove_inner_shadow=&#8221;off&#8221; hide_content_on_mobile=&#8221;off&#8221; hide_cta_on_mobile=&#8221;off&#8221; box_shadow_horizontal=&#8221;0px&#8221; box_shadow_vertical=&#8221;0px&#8221; box_shadow_blur=&#8221;10px&#8221; box_shadow_spread=&#8221;0px&#8221; box_shadow_position=&#8221;inner&#8221; box_shadow_color=&#8221;rgba(0,0,0,0.1)&#8221; box_shadow_style=&#8221;none&#8221;][et_pb_slide heading=&#8221;Selecting a Management System &#8211; ERP and BPM&#8221; use_bg_overlay=&#8221;on&#8221; bg_overlay_color=&#8221;rgba(0,0,0,0.25)&#8221; use_text_overlay=&#8221;off&#8221; background_layout=&#8221;light&#8221; _builder_version=&#8221;3.0.83&#8243; header_font=&#8221;||||&#8221; header_font_size=&#8221;64&#8243; header_font_size_tablet=&#8221;33&#8243; header_font_size_phone=&#8221;20&#8243; header_font_size_last_edited=&#8221;off|desktop&#8221; header_text_color=&#8221;#ff008f&#8221; body_font=&#8221;||||&#8221; background_color=&#8221;rgba(255,255,255,0.39)&#8221; background_image=&#8221;https:\/\/dev1.cgras.ca\/wp-content\/uploads\/2015\/10\/banniere2bw.jpg&#8221; background_size=&#8221;contain&#8221; background_position=&#8221;center_right&#8221; custom_button=&#8221;off&#8221; button_icon_placement=&#8221;right&#8221; button_on_hover=&#8221;on&#8221;] [\/et_pb_slide][\/et_pb_fullwidth_slider][\/et_pb_section][et_pb_section bb_built=&#8221;1&#8243; admin_label=&#8221;section&#8221; custom_padding_last_edited=&#8221;on|desktop&#8221; _builder_version=&#8221;3.0.47&#8243; custom_padding=&#8221;0|||&#8221; custom_padding_tablet=&#8221;50px|0|50px|0&#8243; transparent_background=&#8221;off&#8221; padding_mobile=&#8221;off&#8221; prev_background_color=&#8221;#ffffff&#8221; next_background_color=&#8221;#000000&#8243;][et_pb_row admin_label=&#8221;row&#8221; _builder_version=&#8221;3.0.47&#8243; background_size=&#8221;initial&#8221; background_position=&#8221;top_left&#8221; background_repeat=&#8221;repeat&#8221; _i=&#8221;0&#8243; _address=&#8221;1.0&#8243;][et_pb_column type=&#8221;4_4&#8243;][et_pb_code _builder_version=&#8221;3.0.83&#8243;][yoast-breadcrumb][\/et_pb_code][\/et_pb_column][\/et_pb_row][et_pb_row admin_label=&#8221;row&#8221; _builder_version=&#8221;3.0.47&#8243; background_size=&#8221;initial&#8221; background_position=&#8221;top_left&#8221; background_repeat=&#8221;repeat&#8221; _i=&#8221;1&#8243; _address=&#8221;1.1&#8243;][et_pb_column type=&#8221;2_3&#8243;][et_pb_text _builder_version=&#8221;3.11.1&#8243; background_size=&#8221;initial&#8221; background_position=&#8221;top_left&#8221; background_repeat=&#8221;repeat&#8221;]<\/p>\n<h1>Business Management systems<\/h1>\n<h2>Our solutions to optimize your business processes<\/h2>\n<p>&nbsp;<\/p>\n<p style=\"text-align: justify;\"><span style=\"color: #ff008f;\"><strong>Integrated management system<\/strong><\/span> is a software <span style=\"color: #ff008f;\"><strong>integrating all the functions of a company<\/strong><\/span> (sales, purchasing, finance, distribution, production, maintenance, service and engineering). They enable the implementation of effective business processes and provide decision makers with valuable decision making tools.<\/p>\n<p style=\"text-align: justify;\">Today, there\u2019s an increasing number of solutions in the market and it can be difficult to select the right one. In fact, many of these solutions are specialized and don\u2019t offer the flexibility we need for proper management. The speed of advanced technology can handicap an outdated software and have a severe impact on the company\u2019s responsiveness to the market.<\/p>\n<p style=\"text-align: justify;\"><a href=\"https:\/\/dev1.cgras.ca\/wp-content\/uploads\/2018\/02\/New-ERPSoftware.jpg\"><img decoding=\"async\" class=\"aligncenter wp-image-4611 size-medium\" src=\"https:\/\/dev1.cgras.ca\/wp-content\/uploads\/2018\/02\/New-ERPSoftware-300x211.jpg\" alt=\"\" width=\"300\" height=\"211\" srcset=\"https:\/\/dev1.cgras.ca\/wp-content\/uploads\/2018\/02\/New-ERPSoftware-300x211.jpg 300w, https:\/\/dev1.cgras.ca\/wp-content\/uploads\/2018\/02\/New-ERPSoftware.jpg 578w\" sizes=\"(max-width: 300px) 100vw, 300px\" \/><\/a><\/p>\n<h2><\/h2>\n<h2><span style=\"color: #ff008f;\">Support adapted to your software integration<\/span><\/h2>\n<p style=\"text-align: justify;\"><span style=\"color: #ff008f;\"><strong>Tema Solutions<\/strong><\/span> and its consultants have over 15 years of expertise in the implementation of <span style=\"color: #ff008f;\"><strong>ERP<\/strong><\/span> management systems and its complements: <span style=\"color: #ff008f;\"><strong>Business process management<\/strong><\/span> (Moovapps), <span style=\"color: #ff008f;\"><strong>Document management EDM<\/strong><\/span>, <span style=\"color: #ff008f;\"><strong>Dematerialization<\/strong><\/span> (supplier invoice, orders, etc.), to analyse your needs and recommend the most suitable software.<\/p>\n<p><strong><span style=\"color: #ff008f;\">This analysis provides:<\/span><\/strong><\/p>\n<ul>\n<li>Clear definition of the strategic and operational objectives of the company<\/li>\n<li>Business requirements<\/li>\n<li>Key issues during selection process<\/li>\n<li>Criteria for selecting suppliers<\/li>\n<li>A list of suppliers and softwares<\/li>\n<li>Potential adjustments to the business process<\/li>\n<\/ul>\n<p><strong><span style=\"color: #ff008f;\">The process includes the following steps:<\/span><\/strong><\/p>\n<ul>\n<li>Functional analysis, strategy and vision<\/li>\n<li>Drafting specifications<\/li>\n<li>Call for tender and analyzing offers<\/li>\n<li>Demonstration and assistance during the selection<\/li>\n<li>Support when integrating the selected system<\/li>\n<\/ul>\n<p>&nbsp;<\/p>\n<p>[\/et_pb_text][\/et_pb_column][et_pb_column type=&#8221;1_3&#8243;][et_pb_tabs _builder_version=&#8221;3.0.83&#8243; background_size=&#8221;initial&#8221; background_position=&#8221;top_left&#8221; background_repeat=&#8221;repeat&#8221;][et_pb_tab title=&#8221;ERP Solutions&#8221; _builder_version=&#8221;3.0.83&#8243; tab_font=&#8221;||||||||&#8221; body_font=&#8221;||||||||&#8221; background_size=&#8221;initial&#8221; background_position=&#8221;top_left&#8221; background_repeat=&#8221;repeat&#8221;]<\/p>\n<p><a href=\"https:\/\/dev1.cgras.ca\/en\/microsoftdynamics\/\">Microsoft Dynamics 365<\/a><\/p>\n<p><a href=\"https:\/\/dev1.cgras.ca\/en\/oracle-jd-edwards\/\">Oracle JD Edwards<\/a><\/p>\n<p><a style=\"font-size: 14px; background-color: #ffffff;\" href=\"https:\/\/dev1.cgras.ca\/en\/divalto\/\">Divalto Infinity<\/a><\/p>\n<p><a href=\"https:\/\/dev1.cgras.ca\/en\/divalto\/\">Divalto Izy<\/a><\/p>\n<p>[\/et_pb_tab][et_pb_tab title=&#8221;BPM and EDM Solutions&#8221; _builder_version=&#8221;3.0.83&#8243; tab_font=&#8221;||||||||&#8221; body_font=&#8221;||||||||&#8221; background_size=&#8221;initial&#8221; background_position=&#8221;top_left&#8221; background_repeat=&#8221;repeat&#8221;]<\/p>\n<p><a href=\"https:\/\/dev1.cgras.ca\/en\/quality\/\">Moovapps by VDoc<\/a><\/p>\n<p>[\/et_pb_tab][et_pb_tab title=&#8221;CMMS Solutions&#8221; _builder_version=&#8221;3.0.83&#8243; tab_font=&#8221;||||||||&#8221; body_font=&#8221;||||||||&#8221; background_size=&#8221;initial&#8221; background_position=&#8221;top_left&#8221; background_repeat=&#8221;repeat&#8221;]<\/p>\n<p><a href=\"https:\/\/dev1.cgras.ca\/en\/dimo-maint-om\/\">DIMO Maint OM<\/a><\/p>\n<p>[\/et_pb_tab][\/et_pb_tabs][et_pb_cta title=&#8221;Learn more&#8221; button_url=&#8221;https:\/\/dev1.cgras.ca\/en\/contact\/&#8221; button_text=&#8221;Contact us&#8221; _builder_version=&#8221;3.0.83&#8243; background_size=&#8221;initial&#8221; background_position=&#8221;top_left&#8221; background_repeat=&#8221;repeat&#8221; \/][\/et_pb_column][\/et_pb_row][\/et_pb_section]<\/p>\n","protected":false},"excerpt":{"rendered":"<p>[yoast-breadcrumb] Business Management systems Our solutions to optimize your business processes &nbsp; Integrated management system is a software integrating all the functions of a company (sales, purchasing, finance, distribution, production, maintenance, service and engineering). They enable the implementation of effective business processes and provide decision makers with valuable decision making tools. Today, there\u2019s an increasing [&hellip;]<\/p>\n","protected":false},"author":1,"featured_media":0,"parent":0,"menu_order":5,"comment_status":"closed","ping_status":"closed","template":"","meta":{"_et_pb_use_builder":"on","_et_pb_old_content":"<p>Les syst\u00e8mes de gestion int\u00e9gr\u00e9s sont des logiciels int\u00e9grant l\u2019ensemble des fonctions d\u2019une entreprise (entre autres : vente, achat, finance, distribution, production, maintenance, service, ing\u00e9nierie). Bien choisis, ils permettent la mise en place de processus d\u2019affaires efficaces et offrent aux d\u00e9cideurs des outils d\u2019aide \u00e0 la d\u00e9cision d\u2019une valeur inestimable. <br \/><br \/>Il existe aujourd\u2019hui un tr\u00e8s grand nombre de solutions sur le march\u00e9, et il est parfois tr\u00e8s difficile de s\u2019y retrouver. En effet, beaucoup de ces solutions sont tr\u00e8s sp\u00e9cialis\u00e9es ou n\u2019offrent pas la flexibilit\u00e9 n\u00e9cessaire pour une saine gestion. <br \/><br \/>Tema Solutions et ses consultants se basent sur une expertise de plus de 10 ans dans la mise en place de syst\u00e8mes de gestion de type ERP pour faire l\u2019\u00e9tude de vos besoins et vous recommander les logiciels les plus adapt\u00e9s \u00e0 ces derniers. <br \/><br \/>Cette \u00e9tude permet:<\/p><ul class=\"liste-disc\"><li>De d\u00e9finir clairement les objectifs strat\u00e9giques et op\u00e9rationnels de l\u2019entreprise<\/li><li>D\u2019identifier pr\u00e9cis\u00e9ment les besoins fonctionnels<\/li><li>De s\u00e9lectionner les enjeux du processus de s\u00e9lection<\/li><li>D\u2019identifier les diff\u00e9rents crit\u00e8res de s\u00e9lection des fournisseurs<\/li><li>D\u2019identifier les fournisseurs possibles et leurs solutions<\/li><li>Identifier les ajustements potentiels \u00e0 apporter aux processus de l\u2019organisation<\/li><\/ul><p>La d\u00e9marche comprend habituellement les \u00e9tapes suivantes :<\/p><ul class=\"liste-disc\"><li>\u00a0<\/li><li>Analyse fonctionnelle, vision strat\u00e9gique<\/li><li>R\u00e9daction d\u2019un cahier des charges<\/li><li>Appel d\u2019offres et analyse des offres<\/li><li>D\u00e9monstration et assistance \u00e0 la s\u00e9lection<\/li><li>Accompagnement potentiel lors de l\u2019int\u00e9gration du nouveau syst\u00e8me s\u00e9lectionn\u00e9<\/li><\/ul>","_et_gb_content_width":"","footnotes":""},"class_list":["post-3554","page","type-page","status-publish","hentry"],"_links":{"self":[{"href":"https:\/\/dev1.cgras.ca\/en\/wp-json\/wp\/v2\/pages\/3554","targetHints":{"allow":["GET"]}}],"collection":[{"href":"https:\/\/dev1.cgras.ca\/en\/wp-json\/wp\/v2\/pages"}],"about":[{"href":"https:\/\/dev1.cgras.ca\/en\/wp-json\/wp\/v2\/types\/page"}],"author":[{"embeddable":true,"href":"https:\/\/dev1.cgras.ca\/en\/wp-json\/wp\/v2\/users\/1"}],"replies":[{"embeddable":true,"href":"https:\/\/dev1.cgras.ca\/en\/wp-json\/wp\/v2\/comments?post=3554"}],"version-history":[{"count":34,"href":"https:\/\/dev1.cgras.ca\/en\/wp-json\/wp\/v2\/pages\/3554\/revisions"}],"predecessor-version":[{"id":6130,"href":"https:\/\/dev1.cgras.ca\/en\/wp-json\/wp\/v2\/pages\/3554\/revisions\/6130"}],"wp:attachment":[{"href":"https:\/\/dev1.cgras.ca\/en\/wp-json\/wp\/v2\/media?parent=3554"}],"curies":[{"name":"wp","href":"https:\/\/api.w.org\/{rel}","templated":true}]}}