{"id":3429,"date":"2016-04-12T00:05:05","date_gmt":"2016-04-11T23:05:05","guid":{"rendered":"https:\/\/tema-backup.local\/bpm-portail-intranetextranetsiteweb\/?lang=en"},"modified":"2019-08-23T16:15:05","modified_gmt":"2019-08-23T15:15:05","slug":"bpm-portail-intranet-extranet","status":"publish","type":"page","link":"https:\/\/dev1.cgras.ca\/en\/bpm-portail-intranet-extranet\/","title":{"rendered":"ECM Portal Intranet \/ Extranet"},"content":{"rendered":"<p>[et_pb_section fb_built=&#8221;1&#8243; fullwidth=&#8221;on&#8221; admin_label=&#8221;section&#8221; _builder_version=&#8221;3.22&#8243; fb_built=&#8221;1&#8243; bb_built=&#8221;1&#8243; _i=&#8221;0&#8243; _address=&#8221;0&#8243;][et_pb_fullwidth_slider show_content_on_mobile=&#8221;off&#8221; show_cta_on_mobile=&#8221;off&#8221; _builder_version=&#8221;3.16&#8243; parallax=&#8221;on&#8221; custom_padding=&#8221;|||&#8221; _i=&#8221;0&#8243; _address=&#8221;0.0&#8243; button_text_size__hover_enabled=&#8221;off&#8221; button_one_text_size__hover_enabled=&#8221;off&#8221; button_two_text_size__hover_enabled=&#8221;off&#8221; button_text_color__hover_enabled=&#8221;off&#8221; button_one_text_color__hover_enabled=&#8221;off&#8221; button_two_text_color__hover_enabled=&#8221;off&#8221; button_border_width__hover_enabled=&#8221;off&#8221; button_one_border_width__hover_enabled=&#8221;off&#8221; button_two_border_width__hover_enabled=&#8221;off&#8221; button_border_color__hover_enabled=&#8221;off&#8221; button_one_border_color__hover_enabled=&#8221;off&#8221; button_two_border_color__hover_enabled=&#8221;off&#8221; button_border_radius__hover_enabled=&#8221;off&#8221; button_one_border_radius__hover_enabled=&#8221;off&#8221; button_two_border_radius__hover_enabled=&#8221;off&#8221; button_letter_spacing__hover_enabled=&#8221;off&#8221; button_one_letter_spacing__hover_enabled=&#8221;off&#8221; button_two_letter_spacing__hover_enabled=&#8221;off&#8221; button_bg_color__hover_enabled=&#8221;off&#8221; button_one_bg_color__hover_enabled=&#8221;off&#8221; button_two_bg_color__hover_enabled=&#8221;off&#8221;][et_pb_slide heading=&#8221;ECM Portal Intranet \/ Extranet&#8221; use_bg_overlay=&#8221;off&#8221; use_text_overlay=&#8221;off&#8221; allow_player_pause=&#8221;on&#8221; _builder_version=&#8221;3.16&#8243; header_level=&#8221;h1&#8243; header_font=&#8221;||||&#8221; header_text_color=&#8221;#ff008f&#8221; header_font_size=&#8221;70&#8243; body_font=&#8221;||||&#8221; background_image=&#8221;https:\/\/dev1.cgras.ca\/wp-content\/uploads\/2016\/01\/Fotolia_72614370_L-e1452980850671.jpg&#8221; background_position=&#8221;top_left&#8221; button_on_hover=&#8221;on&#8221; background_layout=&#8221;light&#8221; header_font_size_tablet=&#8221;60&#8243; header_font_size_phone=&#8221;22&#8243; header_font_size_last_edited=&#8221;on|desktop&#8221; _i=&#8221;0&#8243; _address=&#8221;0.0.0&#8243; button_text_size__hover_enabled=&#8221;off&#8221; button_one_text_size__hover_enabled=&#8221;off&#8221; button_two_text_size__hover_enabled=&#8221;off&#8221; button_text_color__hover_enabled=&#8221;off&#8221; button_one_text_color__hover_enabled=&#8221;off&#8221; button_two_text_color__hover_enabled=&#8221;off&#8221; button_border_width__hover_enabled=&#8221;off&#8221; button_one_border_width__hover_enabled=&#8221;off&#8221; button_two_border_width__hover_enabled=&#8221;off&#8221; button_border_color__hover_enabled=&#8221;off&#8221; button_one_border_color__hover_enabled=&#8221;off&#8221; button_two_border_color__hover_enabled=&#8221;off&#8221; button_border_radius__hover_enabled=&#8221;off&#8221; button_one_border_radius__hover_enabled=&#8221;off&#8221; button_two_border_radius__hover_enabled=&#8221;off&#8221; button_letter_spacing__hover_enabled=&#8221;off&#8221; button_one_letter_spacing__hover_enabled=&#8221;off&#8221; button_two_letter_spacing__hover_enabled=&#8221;off&#8221; button_bg_color__hover_enabled=&#8221;off&#8221; button_one_bg_color__hover_enabled=&#8221;off&#8221; button_two_bg_color__hover_enabled=&#8221;off&#8221;][\/et_pb_slide][\/et_pb_fullwidth_slider][\/et_pb_section][et_pb_section fb_built=&#8221;1&#8243; custom_padding_last_edited=&#8221;on|desktop&#8221; admin_label=&#8221;section&#8221; _builder_version=&#8221;3.22&#8243; custom_padding=&#8221;0|||&#8221; custom_padding_tablet=&#8221;50px|0|50px|0&#8243; transparent_background=&#8221;off&#8221; padding_mobile=&#8221;off&#8221; fb_built=&#8221;1&#8243; bb_built=&#8221;1&#8243; _i=&#8221;1&#8243; _address=&#8221;1&#8243;][et_pb_row admin_label=&#8221;row&#8221; _builder_version=&#8221;3.25&#8243; background_size=&#8221;initial&#8221; background_position=&#8221;top_left&#8221; background_repeat=&#8221;repeat&#8221; _i=&#8221;0&#8243; _address=&#8221;1.0&#8243;][et_pb_column type=&#8221;4_4&#8243; _builder_version=&#8221;3.25&#8243; custom_padding=&#8221;|||&#8221; _i=&#8221;0&#8243; _address=&#8221;1.0.0&#8243; custom_padding__hover=&#8221;|||&#8221;][et_pb_code _i=&#8221;0&#8243; _address=&#8221;1.0.0.0&#8243;][yoast-breadcrumb][\/et_pb_code][\/et_pb_column][\/et_pb_row][et_pb_row column_structure=&#8221;2_3,1_3&#8243; admin_label=&#8221;row&#8221; _builder_version=&#8221;3.25&#8243; background_size=&#8221;initial&#8221; background_position=&#8221;top_left&#8221; background_repeat=&#8221;repeat&#8221; _i=&#8221;1&#8243; _address=&#8221;1.1&#8243;][et_pb_column type=&#8221;2_3&#8243; _builder_version=&#8221;3.25&#8243; custom_padding=&#8221;|||&#8221; _i=&#8221;0&#8243; _address=&#8221;1.1.0&#8243; custom_padding__hover=&#8221;|||&#8221;][et_pb_text _builder_version=&#8221;3.0.83&#8243; background_size=&#8221;initial&#8221; background_position=&#8221;top_left&#8221; background_repeat=&#8221;repeat&#8221; module_alignment=&#8221;left&#8221; _i=&#8221;0&#8243; _address=&#8221;1.1.0.0&#8243;]<\/p>\n<h1 style=\"text-align: justify;\">Entreprise Content Management (ECM)<\/h1>\n<h2>Manage your Intranet and Extranet platform in a single interface<\/h2>\n<p style=\"text-align: justify;\">Stay connected and communicate with your customers, collaborators, distributors and partners to ensure a successful growth.<\/p>\n<p style=\"text-align: justify;\">Enterprise content management software builds <span style=\"color: #ff008f;\"><strong>collaborative intranet<\/strong><\/span> and <strong><span style=\"color: #ff008f;\">extranet platforms without coding or IT development<\/span>.<\/strong><\/p>\n<p style=\"text-align: justify;\">These platforms will <span style=\"color: #ff008f;\"><strong>engage your community within a single network<\/strong><\/span>: user club, franchise network, professional group or corporate social network. Involve members of your community around your value proposition and offer targeted services through a set of features. This will allow you to better understand your customer&#8217;s needs, retain their information and support them in a unique dynamic environment.<\/p>\n<p>[\/et_pb_text][\/et_pb_column][et_pb_column type=&#8221;1_3&#8243; _builder_version=&#8221;3.25&#8243; custom_padding=&#8221;|||&#8221; _i=&#8221;1&#8243; _address=&#8221;1.1.1&#8243; custom_padding__hover=&#8221;|||&#8221;][et_pb_image src=&#8221;https:\/\/dev1.cgras.ca\/wp-content\/uploads\/2019\/02\/Moovapps-ECM-Intranet-Extranet.png&#8221; _builder_version=&#8221;3.27.3&#8243; _i=&#8221;0&#8243; _address=&#8221;1.1.1.0&#8243;][\/et_pb_image][et_pb_cta title=&#8221;Request demo&#8221; button_text=&#8221;Contact us&#8221; _builder_version=&#8221;3.27.3&#8243; button_url=&#8221;https:\/\/dev1.cgras.ca\/en\/contact\/&#8221; hover_enabled=&#8221;0&#8243;][\/et_pb_cta][\/et_pb_column][\/et_pb_row][et_pb_row _builder_version=&#8221;3.25&#8243; background_size=&#8221;initial&#8221; background_position=&#8221;top_left&#8221; background_repeat=&#8221;repeat&#8221; _i=&#8221;2&#8243; _address=&#8221;1.2&#8243;][et_pb_column type=&#8221;4_4&#8243; _builder_version=&#8221;3.25&#8243; custom_padding=&#8221;|||&#8221; _i=&#8221;0&#8243; _address=&#8221;1.2.0&#8243; custom_padding__hover=&#8221;|||&#8221;][et_pb_divider color=&#8221;#ff7f7f&#8221; divider_style=&#8221;dotted&#8221; divider_position=&#8221;bottom&#8221; disabled_on=&#8221;on|on|off&#8221; _builder_version=&#8221;3.2&#8243; hide_on_mobile=&#8221;on&#8221; _i=&#8221;0&#8243; _address=&#8221;1.2.0.0&#8243;]&nbsp;<br \/>\n[\/et_pb_divider][\/et_pb_column][\/et_pb_row][et_pb_row column_structure=&#8221;1_3,2_3&#8243; _builder_version=&#8221;3.25&#8243; background_size=&#8221;initial&#8221; background_position=&#8221;top_left&#8221; background_repeat=&#8221;repeat&#8221; _i=&#8221;3&#8243; _address=&#8221;1.3&#8243;][et_pb_column type=&#8221;1_3&#8243; _builder_version=&#8221;3.25&#8243; custom_padding=&#8221;|||&#8221; _i=&#8221;0&#8243; _address=&#8221;1.3.0&#8243; custom_padding__hover=&#8221;|||&#8221;][et_pb_image src=&#8221;https:\/\/dev1.cgras.ca\/wp-content\/uploads\/2016\/02\/Moovapps.png&#8221; align=&#8221;center&#8221; align_tablet=&#8221;center&#8221; align_last_edited=&#8221;on|desktop&#8221; _builder_version=&#8221;3.23&#8243; max_width=&#8221;350px&#8221; custom_margin=&#8221;100px|||&#8221; animation=&#8221;off&#8221; sticky=&#8221;off&#8221; _i=&#8221;0&#8243; _address=&#8221;1.3.0.0&#8243;]&nbsp;<br \/>\n[\/et_pb_image][\/et_pb_column][et_pb_column type=&#8221;2_3&#8243; _builder_version=&#8221;3.25&#8243; custom_padding=&#8221;|||&#8221; _i=&#8221;1&#8243; _address=&#8221;1.3.1&#8243; custom_padding__hover=&#8221;|||&#8221;][et_pb_text admin_label=&#8221;Moovapps&#8221; _builder_version=&#8221;3.11.1&#8243; background_size=&#8221;initial&#8221; background_position=&#8221;top_left&#8221; background_repeat=&#8221;repeat&#8221; module_alignment=&#8221;left&#8221; _i=&#8221;0&#8243; _address=&#8221;1.3.1.0&#8243;]<\/p>\n<p style=\"text-align: justify;\"><span style=\"color: #ff008f;\"><strong>Moovapps&nbsp;offers a complete and integrated collaborative suite.<\/strong><\/span><\/p>\n<p>\u2022 Business Process Management (Quality, Finance, HR, Customer Service, IT and more)<br \/>\n\u2022 Document Management<br \/>\n\u2022 Dematerialization<br \/>\n\u2022 Content management : Intranet and Extranet<\/p>\n<p>Created for managers, <span style=\"color: #ff008f;\"><strong>Moovapps is fully customizable without programming<\/strong><\/span>.<\/p>\n<p><span style=\"color: #ff008f;\"><strong>Moovapps is a unique platform<\/strong><\/span>&nbsp;centered within the company for employees, customers and suppliers to communicate.<br \/>\n[\/et_pb_text][et_pb_button button_url=&#8221;https:\/\/dev1.cgras.ca\/en\/quality\/&#8221; button_text=&#8221;Learn more&#8221; button_alignment=&#8221;left&#8221; _builder_version=&#8221;3.16&#8243; _i=&#8221;1&#8243; _address=&#8221;1.3.1.1&#8243; button_text_size__hover_enabled=&#8221;off&#8221; button_one_text_size__hover_enabled=&#8221;off&#8221; button_two_text_size__hover_enabled=&#8221;off&#8221; button_text_color__hover_enabled=&#8221;off&#8221; button_one_text_color__hover_enabled=&#8221;off&#8221; button_two_text_color__hover_enabled=&#8221;off&#8221; button_border_width__hover_enabled=&#8221;off&#8221; button_one_border_width__hover_enabled=&#8221;off&#8221; button_two_border_width__hover_enabled=&#8221;off&#8221; button_border_color__hover_enabled=&#8221;off&#8221; button_one_border_color__hover_enabled=&#8221;off&#8221; button_two_border_color__hover_enabled=&#8221;off&#8221; button_border_radius__hover_enabled=&#8221;off&#8221; button_one_border_radius__hover_enabled=&#8221;off&#8221; button_two_border_radius__hover_enabled=&#8221;off&#8221; button_letter_spacing__hover_enabled=&#8221;off&#8221; button_one_letter_spacing__hover_enabled=&#8221;off&#8221; button_two_letter_spacing__hover_enabled=&#8221;off&#8221; button_bg_color__hover_enabled=&#8221;off&#8221; button_one_bg_color__hover_enabled=&#8221;off&#8221; button_two_bg_color__hover_enabled=&#8221;off&#8221;]&nbsp;<br \/>\n[\/et_pb_button][\/et_pb_column][\/et_pb_row][et_pb_row _builder_version=&#8221;3.25&#8243; background_size=&#8221;initial&#8221; background_position=&#8221;top_left&#8221; background_repeat=&#8221;repeat&#8221; _i=&#8221;4&#8243; _address=&#8221;1.4&#8243;][et_pb_column type=&#8221;4_4&#8243; _builder_version=&#8221;3.25&#8243; custom_padding=&#8221;|||&#8221; _i=&#8221;0&#8243; _address=&#8221;1.4.0&#8243; custom_padding__hover=&#8221;|||&#8221;][et_pb_divider show_divider=&#8221;off&#8221; disabled_on=&#8221;on|on|on&#8221; _builder_version=&#8221;3.2&#8243; hide_on_mobile=&#8221;on&#8221; _i=&#8221;0&#8243; _address=&#8221;1.4.0.0&#8243;]&nbsp;<br \/>\n[\/et_pb_divider][\/et_pb_column][\/et_pb_row][et_pb_row column_structure=&#8221;2_3,1_3&#8243; disabled_on=&#8221;on|on|on&#8221; _builder_version=&#8221;3.25&#8243; background_size=&#8221;initial&#8221; background_position=&#8221;top_left&#8221; background_repeat=&#8221;repeat&#8221; _i=&#8221;5&#8243; _address=&#8221;1.5&#8243;][et_pb_column type=&#8221;2_3&#8243; _builder_version=&#8221;3.25&#8243; custom_padding=&#8221;|||&#8221; _i=&#8221;0&#8243; _address=&#8221;1.5.0&#8243; custom_padding__hover=&#8221;|||&#8221;][et_pb_text admin_label=&#8221;Sharepoint&#8221; _builder_version=&#8221;3.0.47&#8243; background_size=&#8221;initial&#8221; background_position=&#8221;top_left&#8221; background_repeat=&#8221;repeat&#8221; module_alignment=&#8221;left&#8221; _i=&#8221;0&#8243; _address=&#8221;1.5.0.0&#8243;]<span style=\"color: #ff008f;\"><strong>SharePoint, offre une solution collaborative compl\u00e8te<\/strong><\/span><\/p>\n<p>\u2022 Business Process Management (finance, RH, IT\u2026)<br \/>\n\u2022 Espace\u00a0documentaire,<br \/>\n\u2022 Diffusion de contenu : Intranet\/Extranet,<\/p>\n<p>Compl\u00e8tement <strong>int\u00e9gr\u00e9<\/strong> \u00e0 l\u2019environnement<strong><span style=\"color: #ff008f;\"> Microsoft Office 365 et Dynamics CRM, AX, GP, NAV<\/span>.<\/strong><\/p>\n<p><span style=\"color: #ff008f;\"><strong>SharePoint est la boite \u00e0 outil id\u00e9ale<\/strong><\/span> pour d\u00e9velopper des portails collaboratifs et des processus m\u00e9tiers<br \/>\n[\/et_pb_text][et_pb_button button_url=&#8221;https:\/\/dev1.cgras.ca\/microsoft-sharepoint\/&#8221; button_text=&#8221;En savoir plus&#8221; button_alignment=&#8221;left&#8221; _builder_version=&#8221;3.16&#8243; _i=&#8221;1&#8243; _address=&#8221;1.5.0.1&#8243; button_text_size__hover_enabled=&#8221;off&#8221; button_one_text_size__hover_enabled=&#8221;off&#8221; button_two_text_size__hover_enabled=&#8221;off&#8221; button_text_color__hover_enabled=&#8221;off&#8221; button_one_text_color__hover_enabled=&#8221;off&#8221; button_two_text_color__hover_enabled=&#8221;off&#8221; button_border_width__hover_enabled=&#8221;off&#8221; button_one_border_width__hover_enabled=&#8221;off&#8221; button_two_border_width__hover_enabled=&#8221;off&#8221; button_border_color__hover_enabled=&#8221;off&#8221; button_one_border_color__hover_enabled=&#8221;off&#8221; button_two_border_color__hover_enabled=&#8221;off&#8221; button_border_radius__hover_enabled=&#8221;off&#8221; button_one_border_radius__hover_enabled=&#8221;off&#8221; button_two_border_radius__hover_enabled=&#8221;off&#8221; button_letter_spacing__hover_enabled=&#8221;off&#8221; button_one_letter_spacing__hover_enabled=&#8221;off&#8221; button_two_letter_spacing__hover_enabled=&#8221;off&#8221; button_bg_color__hover_enabled=&#8221;off&#8221; button_one_bg_color__hover_enabled=&#8221;off&#8221; button_two_bg_color__hover_enabled=&#8221;off&#8221;]&nbsp;<br \/>\n[\/et_pb_button][\/et_pb_column][et_pb_column type=&#8221;1_3&#8243; _builder_version=&#8221;3.25&#8243; custom_padding=&#8221;|||&#8221; _i=&#8221;1&#8243; _address=&#8221;1.5.1&#8243; custom_padding__hover=&#8221;|||&#8221;][et_pb_image src=&#8221;https:\/\/dev1.cgras.ca\/wp-content\/uploads\/2016\/02\/SharePoint-logo.png&#8221; align=&#8221;center&#8221; align_tablet=&#8221;center&#8221; align_last_edited=&#8221;on|desktop&#8221; _builder_version=&#8221;3.23&#8243; max_width=&#8221;350px&#8221; custom_margin=&#8221;70px|||&#8221; animation=&#8221;off&#8221; sticky=&#8221;off&#8221; _i=&#8221;0&#8243; _address=&#8221;1.5.1.0&#8243;]&nbsp;<br \/>\n[\/et_pb_image][\/et_pb_column][\/et_pb_row][et_pb_row _builder_version=&#8221;3.25&#8243; background_size=&#8221;initial&#8221; background_position=&#8221;top_left&#8221; background_repeat=&#8221;repeat&#8221; _i=&#8221;6&#8243; _address=&#8221;1.6&#8243;][et_pb_column type=&#8221;4_4&#8243; _builder_version=&#8221;3.25&#8243; custom_padding=&#8221;|||&#8221; _i=&#8221;0&#8243; _address=&#8221;1.6.0&#8243; custom_padding__hover=&#8221;|||&#8221;][et_pb_divider color=&#8221;#ff7f7f&#8221; divider_style=&#8221;dotted&#8221; divider_position=&#8221;bottom&#8221; disabled_on=&#8221;on|on|off&#8221; _builder_version=&#8221;3.2&#8243; hide_on_mobile=&#8221;on&#8221; _i=&#8221;0&#8243; _address=&#8221;1.6.0.0&#8243;]&nbsp;<br \/>\n[\/et_pb_divider][\/et_pb_column][\/et_pb_row][et_pb_row column_structure=&#8221;1_2,1_2&#8243; _builder_version=&#8221;3.25&#8243; background_size=&#8221;initial&#8221; background_position=&#8221;top_left&#8221; background_repeat=&#8221;repeat&#8221; _i=&#8221;7&#8243; _address=&#8221;1.7&#8243;][et_pb_column type=&#8221;1_2&#8243; _builder_version=&#8221;3.25&#8243; custom_padding=&#8221;|||&#8221; _i=&#8221;0&#8243; _address=&#8221;1.7.0&#8243; custom_padding__hover=&#8221;|||&#8221;][et_pb_image src=&#8221;https:\/\/dev1.cgras.ca\/wp-content\/uploads\/2017\/08\/leprohon.png&#8221; align_tablet=&#8221;center&#8221; align_last_edited=&#8221;on|desktop&#8221; _builder_version=&#8221;3.23&#8243; animation_style=&#8221;slide&#8221; animation_direction=&#8221;right&#8221; animation_duration=&#8221;500ms&#8221; animation_intensity_slide=&#8221;10%&#8221; sticky=&#8221;off&#8221; _i=&#8221;0&#8243; _address=&#8221;1.7.0.0&#8243;]&nbsp;<br \/>\n[\/et_pb_image][et_pb_image src=&#8221;https:\/\/dev1.cgras.ca\/wp-content\/uploads\/2017\/08\/mumm.jpg&#8221; align_tablet=&#8221;center&#8221; align_last_edited=&#8221;on|desktop&#8221; _builder_version=&#8221;3.23&#8243; animation_style=&#8221;slide&#8221; animation_direction=&#8221;right&#8221; animation_duration=&#8221;500ms&#8221; animation_intensity_slide=&#8221;10%&#8221; sticky=&#8221;off&#8221; _i=&#8221;1&#8243; _address=&#8221;1.7.0.1&#8243;]&nbsp;<br \/>\n[\/et_pb_image][\/et_pb_column][et_pb_column type=&#8221;1_2&#8243; _builder_version=&#8221;3.25&#8243; custom_padding=&#8221;|||&#8221; _i=&#8221;1&#8243; _address=&#8221;1.7.1&#8243; custom_padding__hover=&#8221;|||&#8221;][et_pb_image src=&#8221;https:\/\/dev1.cgras.ca\/wp-content\/uploads\/2017\/08\/thyssenkrupp.png&#8221; align_tablet=&#8221;center&#8221; align_last_edited=&#8221;on|desktop&#8221; _builder_version=&#8221;3.23&#8243; animation_style=&#8221;slide&#8221; animation_direction=&#8221;right&#8221; animation_duration=&#8221;500ms&#8221; animation_intensity_slide=&#8221;10%&#8221; sticky=&#8221;off&#8221; _i=&#8221;0&#8243; _address=&#8221;1.7.1.0&#8243;]&nbsp;<br \/>\n[\/et_pb_image][et_pb_image src=&#8221;https:\/\/dev1.cgras.ca\/wp-content\/uploads\/2017\/08\/grange.jpg&#8221; align_tablet=&#8221;center&#8221; align_last_edited=&#8221;on|desktop&#8221; _builder_version=&#8221;3.23&#8243; animation_style=&#8221;slide&#8221; animation_direction=&#8221;right&#8221; animation_duration=&#8221;500ms&#8221; animation_intensity_slide=&#8221;10%&#8221; sticky=&#8221;off&#8221; _i=&#8221;1&#8243; _address=&#8221;1.7.1.1&#8243;]&nbsp;<br \/>\n[\/et_pb_image][\/et_pb_column][\/et_pb_row][\/et_pb_section][et_pb_section fb_built=&#8221;1&#8243; fullwidth=&#8221;on&#8221; admin_label=&#8221;section&#8221; _builder_version=&#8221;3.22&#8243; fb_built=&#8221;1&#8243; bb_built=&#8221;1&#8243; _i=&#8221;2&#8243; _address=&#8221;2&#8243;][et_pb_fullwidth_portfolio title=&#8221;\u00c9tudes de cas&#8221; include_categories=&#8221;9&#8243; posts_number=&#8221;0&#8243; show_date=&#8221;off&#8221; disabled_on=&#8221;on|on|on&#8221; _builder_version=&#8221;3.0.83&#8243; background_size=&#8221;initial&#8221; background_position=&#8221;top_left&#8221; background_repeat=&#8221;repeat&#8221; auto=&#8221;on&#8221; auto_speed=&#8221;3000&#8243; portfolio_header_font_size_tablet=&#8221;51&#8243; portfolio_header_line_height_tablet=&#8221;2&#8243; disabled=&#8221;on&#8221; _i=&#8221;0&#8243; _address=&#8221;2.0&#8243;]&nbsp;<br \/>\n[\/et_pb_fullwidth_portfolio][\/et_pb_section]<\/p>\n","protected":false},"excerpt":{"rendered":"<p>[yoast-breadcrumb]Entreprise Content Management (ECM) Manage your Intranet and Extranet platform in a single interface Stay connected and communicate with your customers, collaborators, distributors and partners to ensure a successful growth. Enterprise content management software builds collaborative intranet and extranet platforms without coding or IT development. These platforms will engage your community within a single network: [&hellip;]<\/p>\n","protected":false},"author":1,"featured_media":0,"parent":0,"menu_order":14,"comment_status":"closed","ping_status":"closed","template":"","meta":{"_et_pb_use_builder":"on","_et_pb_old_content":"","_et_gb_content_width":"","footnotes":""},"class_list":["post-3429","page","type-page","status-publish","hentry"],"_links":{"self":[{"href":"https:\/\/dev1.cgras.ca\/en\/wp-json\/wp\/v2\/pages\/3429","targetHints":{"allow":["GET"]}}],"collection":[{"href":"https:\/\/dev1.cgras.ca\/en\/wp-json\/wp\/v2\/pages"}],"about":[{"href":"https:\/\/dev1.cgras.ca\/en\/wp-json\/wp\/v2\/types\/page"}],"author":[{"embeddable":true,"href":"https:\/\/dev1.cgras.ca\/en\/wp-json\/wp\/v2\/users\/1"}],"replies":[{"embeddable":true,"href":"https:\/\/dev1.cgras.ca\/en\/wp-json\/wp\/v2\/comments?post=3429"}],"version-history":[{"count":24,"href":"https:\/\/dev1.cgras.ca\/en\/wp-json\/wp\/v2\/pages\/3429\/revisions"}],"predecessor-version":[{"id":6267,"href":"https:\/\/dev1.cgras.ca\/en\/wp-json\/wp\/v2\/pages\/3429\/revisions\/6267"}],"wp:attachment":[{"href":"https:\/\/dev1.cgras.ca\/en\/wp-json\/wp\/v2\/media?parent=3429"}],"curies":[{"name":"wp","href":"https:\/\/api.w.org\/{rel}","templated":true}]}}