{"id":3411,"date":"2016-01-18T23:52:54","date_gmt":"2016-01-18T22:52:54","guid":{"rendered":"https:\/\/tema-backup.local\/carrieres\/?lang=en"},"modified":"2019-02-21T19:23:54","modified_gmt":"2019-02-21T18:23:54","slug":"careers","status":"publish","type":"page","link":"https:\/\/dev1.cgras.ca\/en\/careers\/","title":{"rendered":"Careers"},"content":{"rendered":"<p>[et_pb_section bb_built=&#8221;1&#8243; admin_label=&#8221;section&#8221; fullwidth=&#8221;on&#8221; _builder_version=&#8221;3.0.47&#8243; next_background_color=&#8221;#000000&#8243;][et_pb_fullwidth_slider admin_label=&#8221;Curseur de d\u00e9filement \u00e0 plein \u00e9cran&#8221; _builder_version=&#8221;3.0.83&#8243; background_position=&#8221;top_left&#8221; custom_padding=&#8221;|||&#8221; remove_inner_shadow=&#8221;off&#8221; hide_content_on_mobile=&#8221;off&#8221; hide_cta_on_mobile=&#8221;off&#8221; show_inner_shadow=&#8221;off&#8221; show_content_on_mobile=&#8221;off&#8221; show_cta_on_mobile=&#8221;off&#8221; show_arrows=&#8221;on&#8221; show_pagination=&#8221;on&#8221; custom_button=&#8221;off&#8221; button_icon_placement=&#8221;right&#8221; show_image_video_mobile=&#8221;off&#8221; box_shadow_horizontal=&#8221;0px&#8221; box_shadow_vertical=&#8221;0px&#8221; box_shadow_blur=&#8221;10px&#8221; box_shadow_spread=&#8221;0px&#8221; box_shadow_position=&#8221;inner&#8221; box_shadow_color=&#8221;rgba(0,0,0,0.1)&#8221; box_shadow_style=&#8221;none&#8221;][et_pb_slide heading=&#8221;Careers&#8221; use_bg_overlay=&#8221;off&#8221; use_text_overlay=&#8221;off&#8221; _builder_version=&#8221;3.0.83&#8243; header_font=&#8221;||||&#8221; header_font_size=&#8221;80&#8243; header_font_size_tablet=&#8221;90&#8243; header_font_size_phone=&#8221;45&#8243; header_font_size_last_edited=&#8221;off|phone&#8221; header_text_color=&#8221;#ff008f&#8221; body_font=&#8221;||||&#8221; background_image=&#8221;https:\/\/dev1.cgras.ca\/wp-content\/uploads\/2016\/01\/10499295254_afbee0c778_o.jpg&#8221; background_position=&#8221;top_left&#8221; custom_button=&#8221;off&#8221; button_icon_placement=&#8221;right&#8221; button_on_hover=&#8221;on&#8221; use_background_color_gradient=&#8221;off&#8221; background_color_gradient_start=&#8221;#2b87da&#8221; background_color_gradient_end=&#8221;#29c4a9&#8243; background_color_gradient_type=&#8221;linear&#8221; background_color_gradient_direction=&#8221;180deg&#8221; background_color_gradient_direction_radial=&#8221;center&#8221; background_color_gradient_start_position=&#8221;0%&#8221; background_color_gradient_end_position=&#8221;100%&#8221; parallax=&#8221;off&#8221; parallax_method=&#8221;on&#8221; background_size=&#8221;cover&#8221; background_repeat=&#8221;no-repeat&#8221; background_blend=&#8221;normal&#8221; allow_player_pause=&#8221;off&#8221; text_border_radius=&#8221;3&#8243; alignment=&#8221;center&#8221; background_layout=&#8221;dark&#8221; header_level=&#8221;h1&#8243; button_bg_use_color_gradient=&#8221;off&#8221; button_bg_color_gradient_start=&#8221;#2b87da&#8221; button_bg_color_gradient_end=&#8221;#29c4a9&#8243; button_bg_color_gradient_type=&#8221;linear&#8221; button_bg_color_gradient_direction_radial=&#8221;center&#8221; button_bg_size=&#8221;cover&#8221; button_bg_position=&#8221;center&#8221; button_bg_repeat=&#8221;no-repeat&#8221; button_bg_blend=&#8221;normal&#8221; button_font=&#8221;||||||||&#8221; button_use_icon=&#8221;on&#8221; box_shadow_style_button=&#8221;none&#8221; box_shadow_color_button=&#8221;rgba(0,0,0,0.3)&#8221; box_shadow_position_button=&#8221;outer&#8221; \/][\/et_pb_fullwidth_slider][\/et_pb_section][et_pb_section bb_built=&#8221;1&#8243; admin_label=&#8221;section&#8221; custom_padding_last_edited=&#8221;on|desktop&#8221; _builder_version=&#8221;3.0.47&#8243; custom_padding=&#8221;0||0|&#8221; custom_padding_tablet=&#8221;50px|0|50px|0&#8243; transparent_background=&#8221;off&#8221; padding_mobile=&#8221;off&#8221; prev_background_color=&#8221;#FFFFFF&#8221; next_background_color=&#8221;#000000&#8243;][et_pb_row admin_label=&#8221;row&#8221; _builder_version=&#8221;3.0.47&#8243; background_size=&#8221;initial&#8221; background_position=&#8221;top_left&#8221; background_repeat=&#8221;repeat&#8221; _i=&#8221;0&#8243; _address=&#8221;1.0&#8243;][et_pb_column type=&#8221;4_4&#8243;][et_pb_code _builder_version=&#8221;3.0.47&#8243;][yoast-breadcrumb][\/et_pb_code][\/et_pb_column][\/et_pb_row][et_pb_row admin_label=&#8221;row&#8221; padding_mobile=&#8221;off&#8221; _builder_version=&#8221;3.0.47&#8243; background_size=&#8221;initial&#8221; background_position=&#8221;top_left&#8221; background_repeat=&#8221;repeat&#8221; _i=&#8221;1&#8243; _address=&#8221;1.1&#8243;][et_pb_column type=&#8221;2_3&#8243;][et_pb_text _builder_version=&#8221;3.0.83&#8243; background_size=&#8221;initial&#8221; background_position=&#8221;top_left&#8221; background_repeat=&#8221;repeat&#8221; _i=&#8221;0&#8243; _address=&#8221;1.1.0.0&#8243;]<\/p>\n<header>\n<div class=\"header-outer\">\n<div class=\"fauxborder-left header-fauxborder-left\">\n<div class=\"region-inner header-inner\">\n<div id=\"header\" class=\"header section\">\n<div id=\"Header1\" class=\"widget Header\">\n<div id=\"header-inner\">\n<div class=\"descriptionwrapper\">\n<h2 class=\"description\">Do you want to be part of a winning team?<\/h2>\n<p>&nbsp;<\/p>\n<p class=\"description\" style=\"text-align: justify;\">At\u00a0<span style=\"color: #ff008f;\"><strong>Tema Solutions<\/strong><\/span>, we are constantly looking for new talent.<\/p>\n<p class=\"description\" style=\"text-align: justify;\">Whether your expertise is in <span style=\"color: #ff008f;\"><strong>ERP management software<\/strong><\/span> or <span style=\"color: #ff008f;\"><strong>business process optimization<\/strong><\/span> via <span style=\"color: #ff008f;\"><strong>BPM<\/strong><\/span>, or the implementation of <span style=\"color: #ff008f;\"><strong>document management software<\/strong><\/span> (<span style=\"color: #ff008f;\"><strong>EDM<\/strong><\/span>), we will put your skills and enthusiasm to the benefit of our customers and our organization..<\/p>\n<\/div>\n<\/div>\n<\/div>\n<\/div>\n<\/div>\n<\/div>\n<\/div>\n<\/header>\n<div class=\"tabs-outer\">\n<div class=\"fauxborder-left tabs-fauxborder-left\">\n<div class=\"region-inner tabs-inner\">\n<div id=\"crosscol\" class=\"tabs section\">\n<div id=\"Text1\" class=\"widget Text\">\n<div class=\"widget-content\">\n<p style=\"text-align: justify;\">You are a <strong><span style=\"color: #ff008f;\">project manager<\/span><\/strong>, <strong><span style=\"color: #ff008f;\">analyst<\/span><\/strong>, <strong><span style=\"color: #ff008f;\">consultant<\/span><\/strong>, <strong><span style=\"color: #ff008f;\">developer<\/span><\/strong>, <strong><span style=\"color: #ff008f;\">technician<\/span> <\/strong>and you dream of being part of a dynamic team? Send us your resume and rest assured that we will treat your request with discretion and professionalism.<\/p>\n<p style=\"text-align: justify;\">We offer a whole range of competitive advantages.<\/p>\n<\/div>\n<\/div>\n<\/div>\n<\/div>\n<\/div>\n<\/div>\n<p>[\/et_pb_text][et_pb_blog posts_number=&#8221;3&#8243; include_categories=&#8221;25&#8243; show_comments=&#8221;on&#8221; offset_number=&#8221;0&#8243; disabled_on=&#8221;on|on|on&#8221; _builder_version=&#8221;3.0.47&#8243; disabled=&#8221;on&#8221; box_shadow_color=&#8221;rgba(0,0,0,0.3)&#8221; box_shadow_style=&#8221;none&#8221;]<\/p>\n<p>&nbsp;<\/p>\n<p>[\/et_pb_blog][\/et_pb_column][et_pb_column type=&#8221;1_3&#8243;][et_pb_contact_form admin_label=&#8221;Contact form&#8221; captcha=&#8221;off&#8221; email=&#8221;info@temasolutions.ca&#8221; title=&#8221;CONTACT US&#8221; success_message=&#8221;Thank you, we will contact you shortly!&#8221; _builder_version=&#8221;3.11.1&#8243; module_id=&#8221;et_pb_contact_form_0&#8243;][et_pb_contact_field field_id=&#8221;Last_name&#8221; field_title=&#8221;Last name&#8221; _builder_version=&#8221;3.11.1&#8243; field_type=&#8221;input&#8221; checkbox_checked=&#8221;off&#8221; checkbox_options=&#8221;%91{%22value%22:%22Nom%22,%22checked%22:0}%93&#8243; radio_options=&#8221;%91{%22value%22:%22Nom%22,%22checked%22:0}%93&#8243; select_options=&#8221;%91{%22value%22:%22Nom%22,%22checked%22:0}%93&#8243; min_length=&#8221;0&#8243; max_length=&#8221;0&#8243; allowed_symbols=&#8221;all&#8221; required_mark=&#8221;on&#8221; conditional_logic=&#8221;off&#8221; conditional_logic_relation=&#8221;off&#8221; conditional_logic_rules=&#8221;%91{%22field%22:%22first_name%22,%22condition%22:%22is%22,%22value%22:%22%22}%93&#8243; use_background_color_gradient=&#8221;off&#8221; background_color_gradient_start=&#8221;#2b87da&#8221; background_color_gradient_end=&#8221;#29c4a9&#8243; background_color_gradient_type=&#8221;linear&#8221; background_color_gradient_direction=&#8221;180deg&#8221; background_color_gradient_direction_radial=&#8221;center&#8221; background_color_gradient_start_position=&#8221;0%&#8221; background_color_gradient_end_position=&#8221;100%&#8221; parallax=&#8221;off&#8221; parallax_method=&#8221;on&#8221; background_size=&#8221;cover&#8221; background_position=&#8221;center&#8221; background_repeat=&#8221;no-repeat&#8221; background_blend=&#8221;normal&#8221; allow_player_pause=&#8221;off&#8221; fullwidth_field=&#8221;off&#8221; use_border_color=&#8221;off&#8221; border_style=&#8221;solid&#8221; box_shadow_style=&#8221;none&#8221; background_color_gradient_overlays_image=&#8221;off&#8221; background_video_pause_outside_viewport=&#8221;on&#8221; form_field_text_shadow_style=&#8221;none&#8221; border_width_all=&#8221;1px&#8221; border_color_all=&#8221;#ff008f&#8221; \/][et_pb_contact_field field_id=&#8221;First_name&#8221; field_title=&#8221;First name&#8221; _builder_version=&#8221;3.11.1&#8243; field_type=&#8221;input&#8221; checkbox_checked=&#8221;off&#8221; checkbox_options=&#8221;%91{%22value%22:%22Nom%22,%22checked%22:0}%93&#8243; radio_options=&#8221;%91{%22value%22:%22Nom%22,%22checked%22:0}%93&#8243; select_options=&#8221;%91{%22value%22:%22Nom%22,%22checked%22:0}%93&#8243; min_length=&#8221;0&#8243; max_length=&#8221;0&#8243; allowed_symbols=&#8221;all&#8221; required_mark=&#8221;on&#8221; conditional_logic=&#8221;off&#8221; conditional_logic_relation=&#8221;off&#8221; conditional_logic_rules=&#8221;%91{%22field%22:%22last_name%22,%22condition%22:%22is%22,%22value%22:%22%22}%93&#8243; use_background_color_gradient=&#8221;off&#8221; background_color_gradient_start=&#8221;#2b87da&#8221; background_color_gradient_end=&#8221;#29c4a9&#8243; background_color_gradient_type=&#8221;linear&#8221; background_color_gradient_direction=&#8221;180deg&#8221; background_color_gradient_direction_radial=&#8221;center&#8221; background_color_gradient_start_position=&#8221;0%&#8221; background_color_gradient_end_position=&#8221;100%&#8221; parallax=&#8221;off&#8221; parallax_method=&#8221;on&#8221; background_size=&#8221;cover&#8221; background_position=&#8221;center&#8221; background_repeat=&#8221;no-repeat&#8221; background_blend=&#8221;normal&#8221; allow_player_pause=&#8221;off&#8221; fullwidth_field=&#8221;off&#8221; use_border_color=&#8221;off&#8221; border_style=&#8221;solid&#8221; box_shadow_style=&#8221;none&#8221; background_color_gradient_overlays_image=&#8221;off&#8221; background_video_pause_outside_viewport=&#8221;on&#8221; form_field_text_shadow_style=&#8221;none&#8221; border_width_all=&#8221;1px&#8221; border_color_all=&#8221;#ff008f&#8221; \/][et_pb_contact_field field_id=&#8221;Phone&#8221; field_title=&#8221;Telephone&#8221; fullwidth_field=&#8221;on&#8221; _builder_version=&#8221;3.11.1&#8243; form_field_font=&#8221;||||&#8221; use_border_color=&#8221;off&#8221; field_type=&#8221;input&#8221; checkbox_checked=&#8221;off&#8221; checkbox_options=&#8221;%91{%22value%22:%22T\u00e9l\u00e9phone%22,%22checked%22:0}%93&#8243; radio_options=&#8221;%91{%22value%22:%22T\u00e9l\u00e9phone%22,%22checked%22:0}%93&#8243; select_options=&#8221;%91{%22value%22:%22T\u00e9l\u00e9phone%22,%22checked%22:0}%93&#8243; min_length=&#8221;0&#8243; max_length=&#8221;0&#8243; allowed_symbols=&#8221;all&#8221; required_mark=&#8221;on&#8221; conditional_logic=&#8221;off&#8221; conditional_logic_relation=&#8221;off&#8221; conditional_logic_rules=&#8221;%91{%22field%22:%22last_name%22,%22condition%22:%22is%22,%22value%22:%22%22}%93&#8243; use_background_color_gradient=&#8221;off&#8221; background_color_gradient_start=&#8221;#2b87da&#8221; background_color_gradient_end=&#8221;#29c4a9&#8243; background_color_gradient_type=&#8221;linear&#8221; background_color_gradient_direction=&#8221;180deg&#8221; background_color_gradient_direction_radial=&#8221;center&#8221; background_color_gradient_start_position=&#8221;0%&#8221; background_color_gradient_end_position=&#8221;100%&#8221; parallax=&#8221;off&#8221; parallax_method=&#8221;on&#8221; background_size=&#8221;cover&#8221; background_position=&#8221;center&#8221; background_repeat=&#8221;no-repeat&#8221; background_blend=&#8221;normal&#8221; allow_player_pause=&#8221;off&#8221; border_style=&#8221;solid&#8221; box_shadow_style=&#8221;none&#8221; background_color_gradient_overlays_image=&#8221;off&#8221; background_video_pause_outside_viewport=&#8221;on&#8221; form_field_text_shadow_style=&#8221;none&#8221; border_width_all=&#8221;1px&#8221; border_color_all=&#8221;#ff008f&#8221; \/][et_pb_contact_field field_id=&#8221;Email&#8221; field_title=&#8221;Email&#8221; field_type=&#8221;email&#8221; fullwidth_field=&#8221;on&#8221; _builder_version=&#8221;3.11.1&#8243; form_field_font=&#8221;||||&#8221; use_border_color=&#8221;off&#8221; checkbox_checked=&#8221;off&#8221; checkbox_options=&#8221;%91{%22value%22:%22Adresse courriel%22,%22checked%22:0}%93&#8243; radio_options=&#8221;%91{%22value%22:%22Adresse courriel%22,%22checked%22:0}%93&#8243; select_options=&#8221;%91{%22value%22:%22Adresse courriel%22,%22checked%22:0}%93&#8243; min_length=&#8221;0&#8243; max_length=&#8221;0&#8243; allowed_symbols=&#8221;all&#8221; required_mark=&#8221;on&#8221; conditional_logic=&#8221;off&#8221; conditional_logic_relation=&#8221;off&#8221; conditional_logic_rules=&#8221;%91{%22field%22:%22last_name%22,%22condition%22:%22is%22,%22value%22:%22%22}%93&#8243; use_background_color_gradient=&#8221;off&#8221; background_color_gradient_start=&#8221;#2b87da&#8221; background_color_gradient_end=&#8221;#29c4a9&#8243; background_color_gradient_type=&#8221;linear&#8221; background_color_gradient_direction=&#8221;180deg&#8221; background_color_gradient_direction_radial=&#8221;center&#8221; background_color_gradient_start_position=&#8221;0%&#8221; background_color_gradient_end_position=&#8221;100%&#8221; parallax=&#8221;off&#8221; parallax_method=&#8221;on&#8221; background_size=&#8221;cover&#8221; background_position=&#8221;center&#8221; background_repeat=&#8221;no-repeat&#8221; background_blend=&#8221;normal&#8221; allow_player_pause=&#8221;off&#8221; border_style=&#8221;solid&#8221; box_shadow_style=&#8221;none&#8221; background_color_gradient_overlays_image=&#8221;off&#8221; background_video_pause_outside_viewport=&#8221;on&#8221; form_field_text_shadow_style=&#8221;none&#8221; border_width_all=&#8221;1px&#8221; border_color_all=&#8221;#ff008f&#8221; \/][et_pb_contact_field field_id=&#8221;Message&#8221; field_title=&#8221;Message&#8221; field_type=&#8221;text&#8221; _builder_version=&#8221;3.11.1&#8243; checkbox_checked=&#8221;off&#8221; checkbox_options=&#8221;%91{%22value%22:%22Message%22,%22checked%22:0}%93&#8243; radio_options=&#8221;%91{%22value%22:%22Message%22,%22checked%22:0}%93&#8243; select_options=&#8221;%91{%22value%22:%22Message%22,%22checked%22:0}%93&#8243; min_length=&#8221;0&#8243; max_length=&#8221;0&#8243; allowed_symbols=&#8221;all&#8221; required_mark=&#8221;on&#8221; conditional_logic=&#8221;off&#8221; conditional_logic_relation=&#8221;off&#8221; conditional_logic_rules=&#8221;%91{%22field%22:%22last_name%22,%22condition%22:%22is%22,%22value%22:%22%22}%93&#8243; use_background_color_gradient=&#8221;off&#8221; background_color_gradient_start=&#8221;#2b87da&#8221; background_color_gradient_end=&#8221;#29c4a9&#8243; background_color_gradient_type=&#8221;linear&#8221; background_color_gradient_direction=&#8221;180deg&#8221; background_color_gradient_direction_radial=&#8221;center&#8221; background_color_gradient_start_position=&#8221;0%&#8221; background_color_gradient_end_position=&#8221;100%&#8221; background_color_gradient_overlays_image=&#8221;off&#8221; parallax=&#8221;off&#8221; parallax_method=&#8221;on&#8221; background_size=&#8221;cover&#8221; background_position=&#8221;center&#8221; background_repeat=&#8221;no-repeat&#8221; background_blend=&#8221;normal&#8221; allow_player_pause=&#8221;off&#8221; background_video_pause_outside_viewport=&#8221;on&#8221; fullwidth_field=&#8221;off&#8221; form_field_text_shadow_style=&#8221;none&#8221; border_width_all=&#8221;1px&#8221; border_color_all=&#8221;#ff008f&#8221; box_shadow_style=&#8221;none&#8221; text_orientation=&#8221;justified&#8221; form_field_text_shadow_horizontal_length=&#8221;0em&#8221; form_field_text_shadow_vertical_length=&#8221;0em&#8221; form_field_text_shadow_blur_strength=&#8221;0em&#8221; \/][\/et_pb_contact_form][\/et_pb_column][\/et_pb_row][\/et_pb_section]<\/p>\n","protected":false},"excerpt":{"rendered":"<p>[yoast-breadcrumb] Do you want to be part of a winning team? &nbsp; At\u00a0Tema Solutions, we are constantly looking for new talent. Whether your expertise is in ERP management software or business process optimization via BPM, or the implementation of document management software (EDM), we will put your skills and enthusiasm to the benefit of our [&hellip;]<\/p>\n","protected":false},"author":1,"featured_media":0,"parent":0,"menu_order":4,"comment_status":"closed","ping_status":"closed","template":"","meta":{"_et_pb_use_builder":"on","_et_pb_old_content":"","_et_gb_content_width":"","footnotes":""},"class_list":["post-3411","page","type-page","status-publish","hentry"],"_links":{"self":[{"href":"https:\/\/dev1.cgras.ca\/en\/wp-json\/wp\/v2\/pages\/3411","targetHints":{"allow":["GET"]}}],"collection":[{"href":"https:\/\/dev1.cgras.ca\/en\/wp-json\/wp\/v2\/pages"}],"about":[{"href":"https:\/\/dev1.cgras.ca\/en\/wp-json\/wp\/v2\/types\/page"}],"author":[{"embeddable":true,"href":"https:\/\/dev1.cgras.ca\/en\/wp-json\/wp\/v2\/users\/1"}],"replies":[{"embeddable":true,"href":"https:\/\/dev1.cgras.ca\/en\/wp-json\/wp\/v2\/comments?post=3411"}],"version-history":[{"count":13,"href":"https:\/\/dev1.cgras.ca\/en\/wp-json\/wp\/v2\/pages\/3411\/revisions"}],"predecessor-version":[{"id":4936,"href":"https:\/\/dev1.cgras.ca\/en\/wp-json\/wp\/v2\/pages\/3411\/revisions\/4936"}],"wp:attachment":[{"href":"https:\/\/dev1.cgras.ca\/en\/wp-json\/wp\/v2\/media?parent=3411"}],"curies":[{"name":"wp","href":"https:\/\/api.w.org\/{rel}","templated":true}]}}