{"id":3393,"date":"2015-10-23T13:47:07","date_gmt":"2015-10-23T12:47:07","guid":{"rendered":"https:\/\/tema-backup.local\/accueil\/?lang=en"},"modified":"2019-02-26T17:41:50","modified_gmt":"2019-02-26T16:41:50","slug":"tema-solutions-management-software","status":"publish","type":"page","link":"https:\/\/dev1.cgras.ca\/en\/","title":{"rendered":"Tema Solutions Management Software"},"content":{"rendered":"<p>[et_pb_section bb_built=&#8221;1&#8243; admin_label=&#8221;section&#8221; fullwidth=&#8221;on&#8221; custom_padding_last_edited=&#8221;on|tablet&#8221; _builder_version=&#8221;3.0.83&#8243; custom_padding=&#8221;-20px||-20px|&#8221; custom_padding_tablet=&#8221;0px||-20px|&#8221; transparent_background=&#8221;off&#8221; next_background_color=&#8221;#000000&#8243;][et_pb_fullwidth_slider show_pagination=&#8221;off&#8221; show_inner_shadow=&#8221;off&#8221; show_content_on_mobile=&#8221;off&#8221; show_cta_on_mobile=&#8221;off&#8221; _builder_version=&#8221;3.0.83&#8243; parallax=&#8221;on&#8221; custom_padding=&#8221;|||&#8221; custom_button=&#8221;on&#8221; auto=&#8221;on&#8221; auto_speed=&#8221;10000&#8243; remove_inner_shadow=&#8221;off&#8221; hide_content_on_mobile=&#8221;off&#8221; hide_cta_on_mobile=&#8221;off&#8221; show_arrows=&#8221;on&#8221; button_icon_placement=&#8221;right&#8221; show_image_video_mobile=&#8221;off&#8221; box_shadow_horizontal=&#8221;0px&#8221; box_shadow_vertical=&#8221;0px&#8221; box_shadow_blur=&#8221;10px&#8221; box_shadow_spread=&#8221;0px&#8221; box_shadow_position=&#8221;inner&#8221; box_shadow_color=&#8221;rgba(0,0,0,0.1)&#8221; box_shadow_style=&#8221;none&#8221;][et_pb_slide heading=&#8221;Experts in Business Management Optimization via ERP and BPM&#8221; button_text=&#8221;Learn more&#8221; button_link=&#8221;https:\/\/dev1.cgras.ca\/en\/grandes-entreprises\/&#8221; image=&#8221;https:\/\/dev1.cgras.ca\/wp-content\/uploads\/2015\/12\/TEMA-logo-final.png&#8221; use_bg_overlay=&#8221;off&#8221; use_text_overlay=&#8221;off&#8221; background_layout=&#8221;light&#8221; _builder_version=&#8221;3.0.83&#8243; header_font_size_tablet=&#8221;39px&#8221; header_font_size_phone=&#8221;32px&#8221; header_font_size_last_edited=&#8221;on|phone&#8221; body_font=&#8221;||||&#8221; body_line_height=&#8221;8&#8243; body_line_height_tablet=&#8221;8&#8243; body_line_height_phone=&#8221;8&#8243; body_line_height_last_edited=&#8221;on|&#8221; background_image=&#8221;https:\/\/dev1.cgras.ca\/wp-content\/uploads\/2015\/10\/Fotolia_83519238_L4a.jpg&#8221; background_size=&#8221;cover&#8221; background_position=&#8221;bottom_right&#8221; custom_button=&#8221;on&#8221; button_text_color=&#8221;#000000&#8243; button_font=&#8221;||||&#8221; button_use_icon=&#8221;on&#8221; button_icon_placement=&#8221;right&#8221; button_on_hover=&#8221;on&#8221; use_background_color_gradient=&#8221;off&#8221; background_color_gradient_start=&#8221;#2b87da&#8221; background_color_gradient_end=&#8221;#29c4a9&#8243; background_color_gradient_type=&#8221;linear&#8221; background_color_gradient_direction=&#8221;180deg&#8221; background_color_gradient_direction_radial=&#8221;center&#8221; background_color_gradient_start_position=&#8221;0%&#8221; background_color_gradient_end_position=&#8221;100%&#8221; parallax=&#8221;off&#8221; parallax_method=&#8221;on&#8221; background_repeat=&#8221;no-repeat&#8221; background_blend=&#8221;normal&#8221; allow_player_pause=&#8221;off&#8221; text_border_radius=&#8221;3&#8243; alignment=&#8221;center&#8221; header_level=&#8221;h1&#8243; header_font=&#8221;||||||||&#8221; button_bg_use_color_gradient=&#8221;off&#8221; button_bg_color_gradient_start=&#8221;#2b87da&#8221; button_bg_color_gradient_end=&#8221;#29c4a9&#8243; button_bg_color_gradient_type=&#8221;linear&#8221; button_bg_color_gradient_direction_radial=&#8221;center&#8221; button_bg_size=&#8221;cover&#8221; button_bg_position=&#8221;center&#8221; button_bg_repeat=&#8221;no-repeat&#8221; button_bg_blend=&#8221;normal&#8221; box_shadow_style_button=&#8221;none&#8221; box_shadow_color_button=&#8221;rgba(0,0,0,0.3)&#8221; box_shadow_position_button=&#8221;outer&#8221; \/][et_pb_slide heading=&#8221;Optimize your workflows!&#8221; button_text=&#8221;Learn more&#8221; button_link=&#8221;https:\/\/dev1.cgras.ca\/en\/business-process-optimization\/&#8221; use_bg_overlay=&#8221;off&#8221; use_text_overlay=&#8221;off&#8221; alignment=&#8221;bottom&#8221; background_layout=&#8221;light&#8221; arrows_custom_color=&#8221;#ffffff&#8221; dot_nav_custom_color=&#8221;#ffffff&#8221; _builder_version=&#8221;3.0.83&#8243; header_level=&#8221;h1&#8243; header_font=&#8221;||||||||&#8221; header_font_size=&#8221;57&#8243; header_font_size_tablet=&#8221;57&#8243; header_font_size_phone=&#8221;30&#8243; header_font_size_last_edited=&#8221;on|phone&#8221; header_text_color=&#8221;#ff008f&#8221; body_font=&#8221;||||&#8221; background_image=&#8221;https:\/\/dev1.cgras.ca\/wp-content\/uploads\/2015\/10\/bleubaniier2.jpg&#8221; background_position=&#8221;bottom_right&#8221; custom_button=&#8221;on&#8221; button_text_color=&#8221;#ff008f&#8221; button_font=&#8221;||||&#8221; button_use_icon=&#8221;on&#8221; button_icon_placement=&#8221;right&#8221; button_on_hover=&#8221;on&#8221;]<\/p>\n<p>&nbsp;<\/p>\n<h4><span style=\"color: #ff008f;\">A simple software for your organization<\/span><\/h4>\n<p>[\/et_pb_slide][et_pb_slide heading=&#8221;Improve collaboration between departments!&#8221; button_text=&#8221;Learn more&#8221; button_link=&#8221;https:\/\/dev1.cgras.ca\/en\/quality\/&#8221; use_bg_overlay=&#8221;off&#8221; use_text_overlay=&#8221;off&#8221; arrows_custom_color=&#8221;#ff008f&#8221; dot_nav_custom_color=&#8221;#ff008f&#8221; _builder_version=&#8221;3.0.83&#8243; header_level=&#8221;h1&#8243; header_font=&#8221;||||&#8221; header_font_size=&#8221;40&#8243; header_font_size_tablet=&#8221;40&#8243; header_font_size_phone=&#8221;25&#8243; header_font_size_last_edited=&#8221;on|phone&#8221; header_text_color=&#8221;#ff008f&#8221; header_letter_spacing=&#8221;0&#8243; header_letter_spacing_tablet=&#8221;0&#8243; header_letter_spacing_phone=&#8221;0&#8243; header_line_height=&#8221;43&#8243; header_line_height_tablet=&#8221;43&#8243; header_line_height_phone=&#8221;43&#8243; body_font=&#8221;||||&#8221; background_image=&#8221;https:\/\/dev1.cgras.ca\/wp-content\/uploads\/2015\/10\/Fotolia_86490854_L_versDroite2.jpg&#8221; background_position=&#8221;top_left&#8221; custom_button=&#8221;on&#8221; button_text_color=&#8221;#ff008f&#8221; button_font=&#8221;||||&#8221; button_use_icon=&#8221;on&#8221; button_icon_placement=&#8221;right&#8221; button_on_hover=&#8221;on&#8221; button_letter_spacing_hover=&#8221;4&#8243; button_letter_spacing_hover_tablet=&#8221;4&#8243; button_letter_spacing_hover_phone=&#8221;4&#8243; \/][\/et_pb_fullwidth_slider][\/et_pb_section][et_pb_section bb_built=&#8221;1&#8243; admin_label=&#8221;section&#8221; background_color=&#8221;#ffffff&#8221; custom_padding_last_edited=&#8221;on|desktop&#8221; _builder_version=&#8221;3.0.47&#8243; custom_padding=&#8221;20px||80px|&#8221; custom_padding_tablet=&#8221;50px|0|50px|0&#8243; transparent_background=&#8221;off&#8221; padding_mobile=&#8221;off&#8221; prev_background_color=&#8221;#000000&#8243; next_background_color=&#8221;#000000&#8243;][et_pb_row admin_label=&#8221;row&#8221; _builder_version=&#8221;3.0.47&#8243; background_size=&#8221;initial&#8221; background_position=&#8221;top_left&#8221; background_repeat=&#8221;repeat&#8221; _i=&#8221;0&#8243; _address=&#8221;1.0&#8243;][et_pb_column type=&#8221;4_4&#8243;][et_pb_text _builder_version=&#8221;3.0.83&#8243; text_font=&#8221;Lato||||&#8221; text_font_size=&#8221;26&#8243; header_font=&#8221;||||||||&#8221; background_size=&#8221;initial&#8221; background_position=&#8221;top_left&#8221; background_repeat=&#8221;repeat&#8221; text_orientation=&#8221;center&#8221; module_alignment=&#8221;center&#8221; custom_margin=&#8221;25px|||&#8221; custom_padding=&#8221;||0px|&#8221;]<\/p>\n<h2><b>Services<\/b><\/h2>\n<p>[\/et_pb_text][et_pb_text _builder_version=&#8221;3.0.83&#8243; text_font_size=&#8221;25&#8243; text_line_height=&#8221;1.em&#8221; background_size=&#8221;initial&#8221; background_position=&#8221;top_left&#8221; background_repeat=&#8221;repeat&#8221; custom_padding=&#8221;||25px|&#8221;]<\/p>\n<h3 style=\"text-align: center;\">Our philosophy, to understand before taking action.<\/h3>\n<h3 style=\"text-align: center;\">Our experts offer innovative solutions to optimize your business processes.<\/h3>\n<footer id=\"main-footer\"><\/footer>\n<p>[\/et_pb_text][\/et_pb_column][\/et_pb_row][et_pb_row admin_label=&#8221;row&#8221; _builder_version=&#8221;3.0.83&#8243; background_size=&#8221;initial&#8221; background_position=&#8221;top_left&#8221; background_repeat=&#8221;repeat&#8221;][et_pb_column type=&#8221;1_3&#8243;][et_pb_blurb use_icon=&#8221;on&#8221; font_icon=&#8221;%%305%%&#8221; _builder_version=&#8221;3.0.83&#8243;]<\/p>\n<p>&nbsp;<\/p>\n<p>[\/et_pb_blurb][et_pb_toggle title=&#8221;Company&#8221; open_toggle_background_color=&#8221;rgba(255,255,255,0.4)&#8221; icon_color=&#8221;#000000&#8243; _builder_version=&#8221;3.0.83&#8243; title_font=&#8221;|on|||&#8221; title_font_size=&#8221;18&#8243; title_text_color=&#8221;#000000&#8243; body_text_color=&#8221;#000000&#8243; background_color=&#8221;rgba(255,255,255,0.4)&#8221; background_size=&#8221;initial&#8221; background_position=&#8221;top_left&#8221; background_repeat=&#8221;repeat&#8221;]<\/p>\n<p><a href=\"https:\/\/dev1.cgras.ca\/en\/small-and-medium-sized-enterprises\/\">Small or Medium-sized Enterprises (SMEs)<\/a><\/p>\n<p><a href=\"https:\/\/dev1.cgras.ca\/en\/larges-enterprises\/\">Large Enterprises<\/a><\/p>\n<p>[\/et_pb_toggle][\/et_pb_column][et_pb_column type=&#8221;1_3&#8243;][et_pb_blurb url_new_window=&#8221;on&#8221; use_icon=&#8221;on&#8221; font_icon=&#8221;%%145%%&#8221; image_max_width_tablet=&#8221;50px&#8221; _builder_version=&#8221;3.0.83&#8243; background_size=&#8221;initial&#8221; background_position=&#8221;top_left&#8221; background_repeat=&#8221;repeat&#8221; text_orientation=&#8221;center&#8221; max_width_tablet=&#8221;50px&#8221;]<\/p>\n<p>&nbsp;<\/p>\n<p>[\/et_pb_blurb][et_pb_toggle title=&#8221;Software&#8221; open_toggle_background_color=&#8221;rgba(255,255,255,0.4)&#8221; icon_color=&#8221;#000000&#8243; _builder_version=&#8221;3.11.1&#8243; title_font=&#8221;|on|||&#8221; title_font_size=&#8221;18&#8243; title_text_color=&#8221;#000000&#8243; background_color=&#8221;rgba(255,255,255,0.4)&#8221; background_size=&#8221;initial&#8221; background_position=&#8221;top_left&#8221; background_repeat=&#8221;repeat&#8221;]<\/p>\n<p><a href=\"https:\/\/dev1.cgras.ca\/en\/erp\/\">ERP<\/a><\/p>\n<p><a href=\"https:\/\/dev1.cgras.ca\/en\/bpm-workflow\/\">Workflow BPM<\/a><\/p>\n<p><a href=\"https:\/\/dev1.cgras.ca\/en\/bpm-edm\/\">Document Management EDM\u00a0<\/a><\/p>\n<p><a href=\"https:\/\/dev1.cgras.ca\/en\/bpm-dematerialization\/\">Dematerialization<\/a><\/p>\n<p><a href=\"https:\/\/dev1.cgras.ca\/en\/bpm-portail-intranet-extranet\/\">ECM\u00a0Intranet \/ Extranet<\/a><\/p>\n<p><a href=\"https:\/\/dev1.cgras.ca\/en\/quality\/\">Quality<\/a><\/p>\n<p><a href=\"https:\/\/dev1.cgras.ca\/en\/cmms\/\">CMMS<\/a><\/p>\n<p><a href=\"https:\/\/dev1.cgras.ca\/en\/mobility-sales-and-services\/\">Mobility &#8211; Sales and Services<\/a><\/p>\n<p><a href=\"https:\/\/dev1.cgras.ca\/en\/bi\/\">Business Intelligence Tools\u00a0<\/a><\/p>\n<p>[\/et_pb_toggle][\/et_pb_column][et_pb_column type=&#8221;1_3&#8243;][et_pb_blurb url_new_window=&#8221;on&#8221; use_icon=&#8221;on&#8221; font_icon=&#8221;%%45%%&#8221; image_max_width_tablet=&#8221;50px&#8221; _builder_version=&#8221;3.0.83&#8243; background_size=&#8221;initial&#8221; background_position=&#8221;top_left&#8221; background_repeat=&#8221;repeat&#8221; text_orientation=&#8221;center&#8221; max_width_tablet=&#8221;50px&#8221; animation=&#8221;right&#8221;]<\/p>\n<p>&nbsp;<\/p>\n<p>[\/et_pb_blurb][et_pb_toggle title=&#8221;Product&#8221; open_toggle_background_color=&#8221;rgba(255,255,255,0.4)&#8221; icon_color=&#8221;#000000&#8243; _builder_version=&#8221;3.11.1&#8243; title_font=&#8221;|on|||&#8221; title_font_size=&#8221;18&#8243; title_text_color=&#8221;#000000&#8243; background_color=&#8221;rgba(255,255,255,0.4)&#8221; background_size=&#8221;initial&#8221; background_position=&#8221;top_left&#8221; background_repeat=&#8221;repeat&#8221; custom_padding=&#8221;|auto||auto&#8221;]<\/p>\n<p><a href=\"https:\/\/dev1.cgras.ca\/en\/microsoftdynamics\/\">Microsoft Dynamics 365<\/a><\/p>\n<p><a href=\"https:\/\/dev1.cgras.ca\/en\/microsoft-dynamics-bi\/\">Power BI<\/a><\/p>\n<p><a href=\"https:\/\/dev1.cgras.ca\/en\/oracle-jd-edwards\/\">Oracle JD Edwards<\/a><\/p>\n<p><a href=\"https:\/\/dev1.cgras.ca\/en\/quality\/\">Moovapps by VDoc<\/a><\/p>\n<p><a href=\"https:\/\/dev1.cgras.ca\/en\/esker\/\">Esker<\/a><\/p>\n<p><a href=\"https:\/\/dev1.cgras.ca\/en\/divalto\/\">Divalto<\/a><\/p>\n<p><a href=\"https:\/\/dev1.cgras.ca\/en\/dimo-maint-om\/\">DIMO Maint OM<\/a><\/p>\n<p>[\/et_pb_toggle][\/et_pb_column][\/et_pb_row][\/et_pb_section][et_pb_section bb_built=&#8221;1&#8243; admin_label=&#8221;section&#8221; background_color=&#8221;#ffffff&#8221; inner_shadow=&#8221;on&#8221; disabled_on=&#8221;on|on|on&#8221; _builder_version=&#8221;3.0.47&#8243; custom_css_main_element=&#8221;border-top:solid black 5px:&#8221; transparent_background=&#8221;off&#8221; padding_mobile=&#8221;on&#8221; disabled=&#8221;on&#8221; prev_background_color=&#8221;#000000&#8243; next_background_color=&#8221;rgba(255,255,255,0)&#8221;][et_pb_row admin_label=&#8221;row&#8221; use_custom_width=&#8221;on&#8221; width_unit=&#8221;off&#8221; padding_mobile=&#8221;off&#8221; _builder_version=&#8221;3.0.47&#8243; background_size=&#8221;initial&#8221; background_position=&#8221;top_left&#8221; background_repeat=&#8221;repeat&#8221; _i=&#8221;0&#8243; _address=&#8221;2.0&#8243;][et_pb_column type=&#8221;1_4&#8243;][et_pb_blog posts_number=&#8221;1&#8243; include_categories=&#8221;29&#8243; show_more=&#8221;on&#8221; offset_number=&#8221;0&#8243; _builder_version=&#8221;3.0.47&#8243;]<\/p>\n<p>&nbsp;<\/p>\n<p>[\/et_pb_blog][\/et_pb_column][et_pb_column type=&#8221;1_4&#8243;][et_pb_blog posts_number=&#8221;1&#8243; include_categories=&#8221;27,25&#8243; offset_number=&#8221;0&#8243; _builder_version=&#8221;3.0.47&#8243;]<\/p>\n<p>&nbsp;<\/p>\n<p>[\/et_pb_blog][\/et_pb_column][et_pb_column type=&#8221;1_4&#8243;][et_pb_blog posts_number=&#8221;1&#8243; include_categories=&#8221;28,13&#8243; offset_number=&#8221;0&#8243; _builder_version=&#8221;3.0.47&#8243;]<\/p>\n<p>&nbsp;<\/p>\n<p>[\/et_pb_blog][\/et_pb_column][et_pb_column type=&#8221;1_4&#8243;][et_pb_blog posts_number=&#8221;1&#8243; offset_number=&#8221;0&#8243; _builder_version=&#8221;3.0.47&#8243;]<\/p>\n<p>&nbsp;<\/p>\n<p>[\/et_pb_blog][\/et_pb_column][\/et_pb_row][\/et_pb_section][et_pb_section bb_built=&#8221;1&#8243; admin_label=&#8221;section&#8221; background_color=&#8221;rgba(255,255,255,0)&#8221; inner_shadow=&#8221;on&#8221; custom_padding_last_edited=&#8221;on|desktop&#8221; _builder_version=&#8221;3.0.83&#8243; background_image=&#8221;https:\/\/dev1.cgras.ca\/wp-content\/uploads\/2016\/02\/2a.jpg&#8221; parallax=&#8221;on&#8221; parallax_method=&#8221;off&#8221; custom_padding=&#8221;25px||60px|&#8221; custom_padding_tablet=&#8221;50px|0|50px|0&#8243; transparent_background=&#8221;on&#8221; padding_mobile=&#8221;off&#8221; prev_background_color=&#8221;#ffffff&#8221; next_background_color=&#8221;#ffffff&#8221;][et_pb_row admin_label=&#8221;row&#8221; padding_mobile=&#8221;off&#8221; column_padding_mobile=&#8221;on&#8221; parallax_method_1=&#8221;off&#8221; _builder_version=&#8221;3.0.47&#8243; background_size=&#8221;initial&#8221; background_position=&#8221;top_left&#8221; background_repeat=&#8221;repeat&#8221; _i=&#8221;0&#8243; _address=&#8221;3.0&#8243;][et_pb_column type=&#8221;4_4&#8243;][et_pb_cta title=&#8221;Contact US&#8221; button_url=&#8221;https:\/\/dev1.cgras.ca\/en\/contact\/&#8221; button_text=&#8221;Get a quote!&#8221; use_background_color=&#8221;off&#8221; background_layout=&#8221;light&#8221; _builder_version=&#8221;3.0.83&#8243; header_font=&#8221;Lato|on||on|&#8221; header_font_size=&#8221;34&#8243; header_text_color=&#8221;#ffffff&#8221; header_line_height=&#8221;1.7em&#8221; body_line_height=&#8221;1em&#8221; background_size=&#8221;initial&#8221; background_position=&#8221;top_left&#8221; background_repeat=&#8221;repeat&#8221;]<\/p>\n<p style=\"text-align: center;\"><span style=\"color: #ff008f;\">+1 (514) 360-TEMA\u00a0[8362]<\/span><\/p>\n<p style=\"text-align: center;\"><span style=\"color: #ff008f;\"><a style=\"color: #ff008f;\" href=\"mailto:info@temasolutions.ca\">\u00a0 \u00a0 \u00a0 info@temasolutions.ca<\/a><\/span><\/p>\n<p>[\/et_pb_cta][\/et_pb_column][\/et_pb_row][\/et_pb_section][et_pb_section bb_built=&#8221;1&#8243; admin_label=&#8221;section&#8221; background_color=&#8221;#ffffff&#8221; inner_shadow=&#8221;on&#8221; fullwidth=&#8221;on&#8221; disabled_on=&#8221;on|on|on&#8221; custom_padding_last_edited=&#8221;on|desktop&#8221; _builder_version=&#8221;3.0.47&#8243; parallax=&#8221;on&#8221; parallax_method=&#8221;off&#8221; custom_padding=&#8221;25px||40px|&#8221; custom_padding_tablet=&#8221;50px|0|50px|0&#8243; transparent_background=&#8221;off&#8221; padding_mobile=&#8221;off&#8221; disabled=&#8221;on&#8221; prev_background_color=&#8221;rgba(255,255,255,0)&#8221; next_background_color=&#8221;#d1d1d1&#8243;][et_pb_fullwidth_portfolio title=&#8221;\u00c9tudes de cas&#8221; include_categories=&#8221;9,43,42,44&#8243; posts_number=&#8221;12&#8243; show_date=&#8221;off&#8221; _builder_version=&#8221;3.0.47&#8243; background_size=&#8221;initial&#8221; background_position=&#8221;top_left&#8221; background_repeat=&#8221;repeat&#8221; auto=&#8221;on&#8221; auto_speed=&#8221;5000&#8243; _i=&#8221;0&#8243; _address=&#8221;4.0&#8243;]<\/p>\n<p style=\"text-align: center;\">[\/et_pb_fullwidth_portfolio][\/et_pb_section][et_pb_section bb_built=&#8221;1&#8243; admin_label=&#8221;section&#8221; background_color=&#8221;#d1d1d1&#8243; custom_padding_last_edited=&#8221;on|desktop&#8221; _builder_version=&#8221;3.0.47&#8243; background_image=&#8221;https:\/\/dev1.cgras.ca\/wp-content\/uploads\/2015\/10\/Dark-Grey-Gradient-Background-8.jpg&#8221; custom_padding_tablet=&#8221;50px|0|50px|0&#8243; transparent_background=&#8221;off&#8221; padding_mobile=&#8221;off&#8221; prev_background_color=&#8221;#ffffff&#8221;][et_pb_row admin_label=&#8221;row&#8221; custom_padding=&#8221;50px|60px&#8221; padding_mobile=&#8221;off&#8221; column_padding_mobile=&#8221;on&#8221; parallax_method_1=&#8221;off&#8221; parallax_method_2=&#8221;off&#8221; _builder_version=&#8221;3.0.47&#8243; background_size=&#8221;initial&#8221; background_position=&#8221;top_left&#8221; background_repeat=&#8221;repeat&#8221; _i=&#8221;0&#8243; _address=&#8221;5.0&#8243;][et_pb_column type=&#8221;1_4&#8243;][et_pb_text background_layout=&#8221;dark&#8221; _builder_version=&#8221;3.11.1&#8243; background_size=&#8221;initial&#8221; background_position=&#8221;top_left&#8221; background_repeat=&#8221;repeat&#8221;]<\/p>\n<p style=\"text-align: center;\">MONTREAL\u00a0HEAD OFFICE<\/p>\n<p style=\"text-align: center;\">6685 Saint-Hubert St<br \/>\nMontreal, Quebec<br \/>\nH2S 2M5<br \/>\nCanada<\/p>\n<p style=\"text-align: center;\">T. +1 514 360-8362<\/p>\n<p style=\"text-align: center;\">F. +1 514 373-8451<\/p>\n<p style=\"text-align: center;\">[\/et_pb_text][\/et_pb_column][et_pb_column type=&#8221;1_4&#8243;][et_pb_map address=&#8221;6685 Rue St-Hubert, Montr\u00e9al, QC H2S 2M5, Canada&#8221; zoom_level=&#8221;14&#8243; address_lat=&#8221;45.537675&#8243; address_lng=&#8221;-73.60612300000003&#8243; mouse_wheel=&#8221;off&#8221; _builder_version=&#8221;3.0.83&#8243; child_filter_saturate=&#8221;100%&#8221;][et_pb_map_pin title=&#8221;tema solution&#8221; pin_address=&#8221;6685 Rue St-Hubert, Montr\u00e9al, QC H2S 2M5, Canada&#8221; pin_address_lat=&#8221;45.537675&#8243; pin_address_lng=&#8221;-73.60612300000003&#8243; _builder_version=&#8221;3.0.83&#8243;][\/et_pb_map_pin]<\/p>\n<p style=\"text-align: center;\">[\/et_pb_map][\/et_pb_column][et_pb_column type=&#8221;1_4&#8243;][et_pb_text background_layout=&#8221;dark&#8221; _builder_version=&#8221;3.11.1&#8243; background_size=&#8221;initial&#8221; background_position=&#8221;top_left&#8221; background_repeat=&#8221;repeat&#8221;]<\/p>\n<p style=\"text-align: center;\">TORONTO OFFICE<\/p>\n<p style=\"text-align: center;\">545 King St West<br \/>\nToronto, Ontario<br \/>\nM5V 1M1<br \/>\nCanada<\/p>\n<p style=\"text-align: center;\">T. +1 855 808-4519<\/p>\n<p style=\"text-align: center;\">[\/et_pb_text][\/et_pb_column][et_pb_column type=&#8221;1_4&#8243;][et_pb_map address=&#8221;545 King St W, Toronto, ON M5V 1M1, Canada&#8221; zoom_level=&#8221;14&#8243; address_lat=&#8221;43.6442169&#8243; address_lng=&#8221;-79.398686&#8243; mouse_wheel=&#8221;off&#8221; _builder_version=&#8221;3.0.83&#8243; child_filter_saturate=&#8221;100%&#8221;][et_pb_map_pin title=&#8221;tema solution&#8221; pin_address=&#8221;545 King St W, Toronto, ON M5V 1M1, Canada&#8221; pin_address_lat=&#8221;43.6442169&#8243; pin_address_lng=&#8221;-79.398686&#8243; _builder_version=&#8221;3.0.83&#8243;][\/et_pb_map_pin]<\/p>\n<p style=\"text-align: center;\">[\/et_pb_map][et_pb_social_media_follow admin_label=&#8221;Follow us on ours socials medias&#8221; _builder_version=&#8221;3.11.1&#8243;][et_pb_social_media_follow_network _builder_version=&#8221;3.11.1&#8243; social_network=&#8221;linkedin&#8221; skype_action=&#8221;call&#8221; url=&#8221;https:\/\/www.linkedin.com\/company\/tema-solutions\/about&#8221; background_color=&#8221;#007bb6&#8243; use_background_color_gradient=&#8221;off&#8221; background_color_gradient_start=&#8221;#2b87da&#8221; background_color_gradient_end=&#8221;#29c4a9&#8243; background_color_gradient_type=&#8221;linear&#8221; background_color_gradient_direction=&#8221;180deg&#8221; background_color_gradient_direction_radial=&#8221;center&#8221; background_color_gradient_start_position=&#8221;0%&#8221; background_color_gradient_end_position=&#8221;100%&#8221; background_color_gradient_overlays_image=&#8221;off&#8221; parallax=&#8221;off&#8221; parallax_method=&#8221;on&#8221; background_size=&#8221;cover&#8221; background_position=&#8221;center&#8221; background_repeat=&#8221;no-repeat&#8221; background_blend=&#8221;normal&#8221; allow_player_pause=&#8221;off&#8221; background_video_pause_outside_viewport=&#8221;on&#8221; box_shadow_style=&#8221;none&#8221;]<\/p>\n<p>LinkedIn<\/p>\n<p style=\"text-align: center;\">[\/et_pb_social_media_follow_network][et_pb_social_media_follow_network _builder_version=&#8221;3.11.1&#8243; social_network=&#8221;twitter&#8221; skype_action=&#8221;call&#8221; url=&#8221;https:\/\/twitter.com\/temasolutions&#8221; background_color=&#8221;#00aced&#8221; use_background_color_gradient=&#8221;off&#8221; background_color_gradient_start=&#8221;#2b87da&#8221; background_color_gradient_end=&#8221;#29c4a9&#8243; background_color_gradient_type=&#8221;linear&#8221; background_color_gradient_direction=&#8221;180deg&#8221; background_color_gradient_direction_radial=&#8221;center&#8221; background_color_gradient_start_position=&#8221;0%&#8221; background_color_gradient_end_position=&#8221;100%&#8221; background_color_gradient_overlays_image=&#8221;off&#8221; parallax=&#8221;off&#8221; parallax_method=&#8221;on&#8221; background_size=&#8221;cover&#8221; background_position=&#8221;center&#8221; background_repeat=&#8221;no-repeat&#8221; background_blend=&#8221;normal&#8221; allow_player_pause=&#8221;off&#8221; background_video_pause_outside_viewport=&#8221;on&#8221; box_shadow_style=&#8221;none&#8221;]<\/p>\n<p>Twitter<\/p>\n<p style=\"text-align: center;\">[\/et_pb_social_media_follow_network]<\/p>\n<p style=\"text-align: center;\">[\/et_pb_social_media_follow][\/et_pb_column][\/et_pb_row][\/et_pb_section]<\/p>\n","protected":false},"excerpt":{"rendered":"<p>&nbsp; A simple software for your organization Services Our philosophy, to understand before taking action. Our experts offer innovative solutions to optimize your business processes. &nbsp; Small or Medium-sized Enterprises (SMEs) Large Enterprises &nbsp; ERP Workflow BPM Document Management EDM\u00a0 Dematerialization ECM\u00a0Intranet \/ Extranet Quality CMMS Mobility &#8211; Sales and Services Business Intelligence Tools\u00a0 &nbsp; [&hellip;]<\/p>\n","protected":false},"author":1,"featured_media":0,"parent":0,"menu_order":1,"comment_status":"closed","ping_status":"closed","template":"","meta":{"_et_pb_use_builder":"on","_et_pb_old_content":"Voici un exemple de page. Elle est diff\u00e9rente d'un article de blog, en cela qu'elle restera \u00e0 la m\u00eame place, et s'affichera dans le menu de navigation de votre site (en fonction de votre th\u00e8me). La plupart des gens commencent par \u00e9crire une page \u00ab \u00c0 Propos \u00bb qui les pr\u00e9sente aux visiteurs potentiels du site. Vous pourriez y \u00e9crire quelque chose de ce tenant :\n<blockquote>Bonjour ! Je suis un m\u00e9canicien qui aspire \u00e0 devenir un acteur, et voici mon blog. J'habite \u00e0 Bordeaux, j'ai un super chien baptis\u00e9 Russell, et j'aime la vodka-ananas (ainsi que regarder la pluie tomber).<\/blockquote>\n...ou bien quelque chose comme \u00e7a :\n<blockquote>La soci\u00e9t\u00e9 123 Machin Truc a \u00e9t\u00e9 cr\u00e9\u00e9e en 1971, et n'a cess\u00e9 de proposer au public des machins-trucs de qualit\u00e9 depuis lors. Situ\u00e9e \u00e0 Saint-Remy-en-Bouzemont-Saint-Genest-et-Isson, 123 Machin Truc emploie 2 000 personnes, et fabrique toutes sortes de bidules super pour la communaut\u00e9 bouzemontoise.<\/blockquote>\n\u00c9tant donn\u00e9 que vous \u00eates un nouvel utilisateur de WordPress, vous devriez vous rendre sur votre <a href=\"https:\/\/dev1.cgras.ca\/wp-admin\/\">tableau de bord<\/a> pour effacer la pr\u00e9sente page, et cr\u00e9er de nouvelles pages avec votre propre contenu. Amusez-vous bien !","_et_gb_content_width":"","footnotes":""},"class_list":["post-3393","page","type-page","status-publish","hentry"],"_links":{"self":[{"href":"https:\/\/dev1.cgras.ca\/en\/wp-json\/wp\/v2\/pages\/3393","targetHints":{"allow":["GET"]}}],"collection":[{"href":"https:\/\/dev1.cgras.ca\/en\/wp-json\/wp\/v2\/pages"}],"about":[{"href":"https:\/\/dev1.cgras.ca\/en\/wp-json\/wp\/v2\/types\/page"}],"author":[{"embeddable":true,"href":"https:\/\/dev1.cgras.ca\/en\/wp-json\/wp\/v2\/users\/1"}],"replies":[{"embeddable":true,"href":"https:\/\/dev1.cgras.ca\/en\/wp-json\/wp\/v2\/comments?post=3393"}],"version-history":[{"count":64,"href":"https:\/\/dev1.cgras.ca\/en\/wp-json\/wp\/v2\/pages\/3393\/revisions"}],"predecessor-version":[{"id":6211,"href":"https:\/\/dev1.cgras.ca\/en\/wp-json\/wp\/v2\/pages\/3393\/revisions\/6211"}],"wp:attachment":[{"href":"https:\/\/dev1.cgras.ca\/en\/wp-json\/wp\/v2\/media?parent=3393"}],"curies":[{"name":"wp","href":"https:\/\/api.w.org\/{rel}","templated":true}]}}